{"id":20,"date":"2025-06-10T13:23:18","date_gmt":"2025-06-10T11:23:18","guid":{"rendered":"https:\/\/nierenzentrum-ilm-kreis.s1135308.keymachine.de\/?page_id=20"},"modified":"2025-06-12T12:52:17","modified_gmt":"2025-06-12T10:52:17","slug":"dialyse-ilmenau","status":"publish","type":"page","link":"https:\/\/nierenzentrum-ilm-kreis.s1135308.keymachine.de\/?page_id=20","title":{"rendered":"Dialyse &#8211; Ilmenau"},"content":{"rendered":"\t\t<div data-elementor-type=\"wp-page\" data-elementor-id=\"20\" class=\"elementor elementor-20\" data-elementor-post-type=\"page\">\n\t\t\t\t<div class=\"elementor-element elementor-element-7f22f50 e-flex e-con-boxed e-con e-parent\" data-id=\"7f22f50\" data-element_type=\"container\">\n\t\t\t\t\t<div class=\"e-con-inner\">\n\t\t\t\t<div class=\"elementor-element elementor-element-ccfa889 elementor-widget elementor-widget-heading\" data-id=\"ccfa889\" data-element_type=\"widget\" data-widget_type=\"heading.default\">\n\t\t\t\t<div class=\"elementor-widget-container\">\n\t\t\t\t\t<h2 class=\"elementor-heading-title elementor-size-default\">Dialyse Ilmenau<\/h2>\t\t\t\t<\/div>\n\t\t\t\t<\/div>\n\t\t\t\t\t<\/div>\n\t\t\t\t<\/div>\n\t\t<div class=\"elementor-element elementor-element-ee1c7a9 e-flex e-con-boxed e-con e-parent\" data-id=\"ee1c7a9\" data-element_type=\"container\">\n\t\t\t\t\t<div class=\"e-con-inner\">\n\t\t\t\t<div class=\"elementor-element elementor-element-0b8a230 elementor-widget-divider--view-line elementor-widget elementor-widget-divider\" data-id=\"0b8a230\" data-element_type=\"widget\" data-widget_type=\"divider.default\">\n\t\t\t\t<div class=\"elementor-widget-container\">\n\t\t\t\t\t\t\t<div class=\"elementor-divider\">\n\t\t\t<span class=\"elementor-divider-separator\">\n\t\t\t\t\t\t<\/span>\n\t\t<\/div>\n\t\t\t\t\t\t<\/div>\n\t\t\t\t<\/div>\n\t\t<div class=\"elementor-element elementor-element-4c8e9be e-con-full e-flex e-con e-child\" data-id=\"4c8e9be\" data-element_type=\"container\">\n\t\t\t\t<div class=\"elementor-element elementor-element-4adbec4 elementor-widget elementor-widget-html\" data-id=\"4adbec4\" data-element_type=\"widget\" data-widget_type=\"html.default\">\n\t\t\t\t<div class=\"elementor-widget-container\">\n\t\t\t\t\t<!DOCTYPE html>\n<html lang=\"de\">\n<head>\n  <meta charset=\"UTF-8\">\n  <meta name=\"viewport\" content=\"width=device-width, initial-scale=1.0\">\n  <title>Dienstleistungen<\/title>\n  <script src=\"https:\/\/cdn.tailwindcss.com\"><\/script>\n  <style>\n    .custom-red { color: #E60100; }\n    .custom-gray { color: #54595F; }\n  <\/style>\n<\/head>\n<body class=\"bg-gray-100\">\n  <section class=\"py-12 px-4 sm:px-6 lg:px-8\">\n    <div class=\"max-w-7xl mx-auto\">\n      <h2 class=\"text-3xl md:text-4xl font-bold text-center custom-red mb-10\">\n        Leistungen\n      <\/h2>\n      <div class=\"grid grid-cols-1 sm:grid-cols-2 lg:grid-cols-3 gap-6\">\n        <!-- Card 1 -->\n        <div class=\"bg-white rounded-lg shadow-lg p-6 transform hover:scale-105 transition-transform duration-300\">\n          <div class=\"flex items-center mb-4\">\n            <svg class=\"w-8 h-8 custom-red mr-3\" fill=\"none\" stroke=\"currentColor\" viewBox=\"0 0 24 24\" xmlns=\"http:\/\/www.w3.org\/2000\/svg\">\n              <path stroke-linecap=\"round\" stroke-linejoin=\"round\" stroke-width=\"2\" d=\"M9 12h6m-6 4h6m2-12H7a2 2 0 00-2 2v12a2 2 0 002 2h10a2 2 0 002-2V6a2 2 0 00-2-2z\"><\/path>\n            <\/svg>\n            <h3 class=\"text-xl font-semibold custom-gray\">Dialysebehandlungen<\/h3>\n          <\/div>\n          <p class=\"custom-gray\">H\u00e4modialyse und Peritonealdialyse mit modernster Technologie f\u00fcr optimale Versorgung.<\/p>\n        <\/div>\n        <!-- Card 2 -->\n        <div class=\"bg-white rounded-lg shadow-lg p-6 transform hover:scale-105 transition-transform duration-300\">\n          <div class=\"flex items-center mb-4\">\n            <svg class=\"w-8 h-8 custom-red mr-3\" fill=\"none\" stroke=\"currentColor\" viewBox=\"0 0 24 24\" xmlns=\"http:\/\/www.w3.org\/2000\/svg\">\n              <path stroke-linecap=\"round\" stroke-linejoin=\"round\" stroke-width=\"2\" d=\"M12 8v4l3 3m6-3a9 9 0 11-18 0 9 9 0 0118 0z\"><\/path>\n            <\/svg>\n            <h3 class=\"text-xl font-semibold custom-gray\">24-Stunden-Bereitschaft<\/h3>\n          <\/div>\n          <p class=\"custom-gray\">Rund-um-die-Uhr Bereitschaftsdienst f\u00fcr Ihre Sicherheit und Betreuung.<\/p>\n        <\/div>\n        <!-- Card 3 -->\n        <div class=\"bg-white rounded-lg shadow-lg p-6 transform hover:scale-105 transition-transform duration-300\">\n          <div class=\"flex items-center mb-4\">\n            <svg class=\"w-8 h-8 custom-red mr-3\" fill=\"none\" stroke=\"currentColor\" viewBox=\"0 0 24 24\" xmlns=\"http:\/\/www.w3.org\/2000\/svg\">\n              <path stroke-linecap=\"round\" stroke-linejoin=\"round\" stroke-width=\"2\" d=\"M17 20h5v-2a2 2 0 00-2-2h-3v4zM4 20h5v-4H6a2 2 0 00-2 2v2zM12 20v-4m0-4v4m-4-8h8\"><\/path>\n            <\/svg>\n            <h3 class=\"text-xl font-semibold custom-gray\">Qualifiziertes Fachpersonal<\/h3>\n          <\/div>\n          <p class=\"custom-gray\">Unser Team ist regelm\u00e4\u00dfig notfallmedizinisch geschult und hochkompetent.<\/p>\n        <\/div>\n        <!-- Card 4 -->\n        <div class=\"bg-white rounded-lg shadow-lg p-6 transform hover:scale-105 transition-transform duration-300\">\n          <div class=\"flex items-center mb-4\">\n            <svg class=\"w-8 h-8 custom-red mr-3\" fill=\"none\" stroke=\"currentColor\" viewBox=\"0 0 24 24\" xmlns=\"http:\/\/www.w3.org\/2000\/svg\">\n              <path stroke-linecap=\"round\" stroke-linejoin=\"round\" stroke-width=\"2\" d=\"M4.318 6.318a4.5 4.5 0 000 6.364L12 20.364l7.682-7.682a4.5 4.5 0 00-6.364-6.364L12 7.636l-1.318-1.318a4.5 4.5 0 00-6.364 0z\"><\/path>\n            <\/svg>\n            <h3 class=\"text-xl font-semibold custom-gray\">Nierentransplantation<\/h3>\n          <\/div>\n          <p class=\"custom-gray\">Professionelle Vorbereitung und Begleitung f\u00fcr Ihre Nierentransplantation.<\/p>\n        <\/div>\n        <!-- Card 5 -->\n        <div class=\"bg-white rounded-lg shadow-lg p-6 transform hover:scale-105 transition-transform duration-300\">\n          <div class=\"flex items-center mb-4\">\n            <svg class=\"w-8 h-8 custom-red mr-3\" fill=\"none\" stroke=\"currentColor\" viewBox=\"0 0 24 24\" xmlns=\"http:\/\/www.w3.org\/2000\/svg\">\n              <path stroke-linecap=\"round\" stroke-linejoin=\"round\" stroke-width=\"2\" d=\"M3 21v-4m0 0V5a2 2 0 012-2h6.5l1 1H19a2 2 0 012 2v12a2 2 0 01-2 2H5a2 2 0 01-2-2z\"><\/path>\n            <\/svg>\n            <h3 class=\"text-xl font-semibold custom-gray\">Verpflegung<\/h3>\n          <\/div>\n          <p class=\"custom-gray\">Speise- und Getr\u00e4nkeversorgung w\u00e4hrend der Dialyse f\u00fcr Ihr Wohl.<\/p>\n        <\/div>\n        <!-- Card 6 -->\n        <div class=\"bg-white rounded-lg shadow-lg p-6 transform hover:scale-105 transition-transform duration-300\">\n          <div class=\"flex items-center mb-4\">\n            <svg class=\"w-8 h-8 custom-red mr-3\" fill=\"none\" stroke=\"currentColor\" viewBox=\"0 0 24 24\" xmlns=\"http:\/\/www.w3.org\/2000\/svg\">\n              <path stroke-linecap=\"round\" stroke-linejoin=\"round\" stroke-width=\"2\" d=\"M9 5H7a2 2 0 00-2 2v12a2 2 0 002 2h10a2 2 0 002-2V7a2 2 0 00-2-2h-2M9 5a2 2 0 002 2h2a2 2 0 002-2M9 5a2 2 0 012-2h2a2 2 0 012 2\"><\/path>\n            <\/svg>\n            <h3 class=\"text-xl font-semibold custom-gray\">Komfort<\/h3>\n          <\/div>\n          <p class=\"custom-gray\">Klimatisierte Patientenr\u00e4ume mit TV und Radio f\u00fcr Ihr Wohlbefinden.<\/p>\n        <\/div>\n        <!-- Card 7 -->\n        <div class=\"bg-white rounded-lg shadow-lg p-6 transform hover:scale-105 transition-transform duration-300\">\n          <div class=\"flex items-center mb-4\">\n            <svg class=\"w-8 h-8 custom-red mr-3\" fill=\"none\" stroke=\"currentColor\" viewBox=\"0 0 24 24\" xmlns=\"http:\/\/www.w3.org\/2000\/svg\">\n              <path stroke-linecap=\"round\" stroke-linejoin=\"round\" stroke-width=\"2\" d=\"M5 3v4M3 5h4m14 0h-4m4 4h-4M5 17v4m-2-2h4m10 0h-4m4-4h-4M3 9l9-4 9 4M3 15l9 4 9-4\"><\/path>\n            <\/svg>\n            <h3 class=\"text-xl font-semibold custom-gray\">Feriendialyse<\/h3>\n          <\/div>\n          <p class=\"custom-gray\">Flexible Dialyse w\u00e4hrend Ihres Urlaubs \u2013 wir machen es m\u00f6glich.<\/p>\n        <\/div>\n        <!-- Card 8 -->\n        <div class=\"bg-white rounded-lg shadow-lg p-6 transform hover:scale-105 transition-transform duration-300\">\n          <div class=\"flex items-center mb-4\">\n            <svg class=\"w-8 h-8 custom-red mr-3\" fill=\"none\" stroke=\"currentColor\" viewBox=\"0 0 24 24\" xmlns=\"http:\/\/www.w3.org\/2000\/svg\">\n              <path stroke-linecap=\"round\" stroke-linejoin=\"round\" stroke-width=\"2\" d=\"M19 21V5a2 2 0 00-2-2H7a2 2 0 00-2 2v16m14 0h2m-2 0h-2\"><\/path>\n            <\/svg>\n            <h3 class=\"text-xl font-semibold custom-gray\">Klinik-Dialyse<\/h3>\n          <\/div>\n          <p class=\"custom-gray\">Dialysen f\u00fcr die Stationen der Ilm-Kreis-Kliniken mit h\u00f6chster Sorgfalt.<\/p>\n        <\/div>\n        <!-- Card 9 -->\n        <div class=\"bg-white rounded-lg shadow-lg p-6 transform hover:scale-105 transition-transform duration-300\">\n          <div class=\"flex items-center mb-4\">\n            <svg class=\"w-8 h-8 custom-red mr-3\" fill=\"none\" stroke=\"currentColor\" viewBox=\"0 0 24 24\" xmlns=\"http:\/\/www.w3.org\/2000\/svg\">\n              <path stroke-linecap=\"round\" stroke-linejoin=\"round\" stroke-width=\"2\" d=\"M10.325 4.317c.426-1.756 2.74-1.243 3.2.517.36.588 1.32.588 1.68 0 .47-1.76 2.784-1.248 3.26.508l3.52 13.174H2.98L6.5 5.325z\"><\/path>\n            <\/svg>\n            <h3 class=\"text-xl font-semibold custom-gray\">Modernste Dialyseger\u00e4te<\/h3>\n          <\/div>\n          <p class=\"custom-gray\">Einsatz hochmoderner Ger\u00e4te f\u00fcr sichere und effiziente Behandlungen.<\/p>\n        <\/div>\n      <\/div>\n    <\/div>\n  <\/section>\n<\/body>\n<\/html>\t\t\t\t<\/div>\n\t\t\t\t<\/div>\n\t\t\t\t<\/div>\n\t\t\t\t\t<\/div>\n\t\t\t\t<\/div>\n\t\t<div class=\"elementor-element elementor-element-98d2f6c e-flex e-con-boxed e-con e-parent\" data-id=\"98d2f6c\" data-element_type=\"container\">\n\t\t\t\t\t<div class=\"e-con-inner\">\n\t\t\t\t<div class=\"elementor-element elementor-element-2fc6f7d elementor-widget-divider--view-line elementor-widget elementor-widget-divider\" data-id=\"2fc6f7d\" data-element_type=\"widget\" data-widget_type=\"divider.default\">\n\t\t\t\t<div class=\"elementor-widget-container\">\n\t\t\t\t\t\t\t<div class=\"elementor-divider\">\n\t\t\t<span class=\"elementor-divider-separator\">\n\t\t\t\t\t\t<\/span>\n\t\t<\/div>\n\t\t\t\t\t\t<\/div>\n\t\t\t\t<\/div>\n\t\t\t\t<div class=\"elementor-element elementor-element-03ca389 elementor-widget elementor-widget-heading\" data-id=\"03ca389\" data-element_type=\"widget\" data-widget_type=\"heading.default\">\n\t\t\t\t<div class=\"elementor-widget-container\">\n\t\t\t\t\t<h2 class=\"elementor-heading-title elementor-size-default\">Dialyse Behandlungszeiten<\/h2>\t\t\t\t<\/div>\n\t\t\t\t<\/div>\n\t\t<div class=\"elementor-element elementor-element-a5f70c1 e-con-full e-flex e-con e-child\" data-id=\"a5f70c1\" data-element_type=\"container\" data-settings=\"{&quot;background_background&quot;:&quot;classic&quot;}\">\n\t\t\t\t<div class=\"elementor-element elementor-element-6d53186 elementor-widget elementor-widget-price-list\" data-id=\"6d53186\" data-element_type=\"widget\" data-widget_type=\"price-list.default\">\n\t\t\t\t<div class=\"elementor-widget-container\">\n\t\t\t\t\t\n\t\t<ul class=\"elementor-price-list\">\n\n\t\t\t\t\t\t\t\t\t<li><a class=\"elementor-price-list-item\" href=\"#\">\t\t\t\t\n\t\t\t\t<div class=\"elementor-price-list-text\">\n\t\t\t\t\t\t\t\t\t<div class=\"elementor-price-list-header\">\n\t\t\t\t\t\t\t\t\t\t\t<span class=\"elementor-price-list-title\">\n\t\t\t\t\t\t\tMontag, Mittwoch, Freitag\t\t\t\t\t\t<\/span>\n\t\t\t\t\t\t\t\t\t\t\t\t\t\t\t\t\t\t\t\t\t\t\t\t<span class=\"elementor-price-list-price\">2 Schichten von 6:30 bis 19:00 Uhr<\/span>\n\t\t\t\t\t\t\t\t\t\t<\/div>\n\t\t\t\t\t\t\t\t\t\t\t\t<\/div>\n\t\t\t\t<\/a><\/li>\t\t\t\t\t\t\t\t\t\t\t\t<li><a class=\"elementor-price-list-item\" href=\"#\">\t\t\t\t\n\t\t\t\t<div class=\"elementor-price-list-text\">\n\t\t\t\t\t\t\t\t\t<div class=\"elementor-price-list-header\">\n\t\t\t\t\t\t\t\t\t\t\t<span class=\"elementor-price-list-title\">\n\t\t\t\t\t\t\tDienstag, Donnerstag, Samstag\t\t\t\t\t\t<\/span>\n\t\t\t\t\t\t\t\t\t\t\t\t\t\t\t\t\t\t\t\t\t\t\t\t<span class=\"elementor-price-list-price\">1 Schicht von 6:30 bis 13:00 Uhr<\/span>\n\t\t\t\t\t\t\t\t\t\t<\/div>\n\t\t\t\t\t\t\t\t\t\t\t\t<\/div>\n\t\t\t\t<\/a><\/li>\t\t\t\t\t\n\t\t<\/ul>\n\n\t\t\t\t\t\t<\/div>\n\t\t\t\t<\/div>\n\t\t\t\t<\/div>\n\t\t\t\t\t<\/div>\n\t\t\t\t<\/div>\n\t\t<div class=\"elementor-element elementor-element-32efc21 e-flex e-con-boxed e-con e-parent\" data-id=\"32efc21\" data-element_type=\"container\">\n\t\t\t\t\t<div class=\"e-con-inner\">\n\t\t\t\t<div class=\"elementor-element elementor-element-1016b0e elementor-widget-divider--view-line elementor-widget elementor-widget-divider\" data-id=\"1016b0e\" data-element_type=\"widget\" data-widget_type=\"divider.default\">\n\t\t\t\t<div class=\"elementor-widget-container\">\n\t\t\t\t\t\t\t<div class=\"elementor-divider\">\n\t\t\t<span class=\"elementor-divider-separator\">\n\t\t\t\t\t\t<\/span>\n\t\t<\/div>\n\t\t\t\t\t\t<\/div>\n\t\t\t\t<\/div>\n\t\t\t\t<div class=\"elementor-element elementor-element-63b7622 elementor-widget elementor-widget-spacer\" data-id=\"63b7622\" data-element_type=\"widget\" data-widget_type=\"spacer.default\">\n\t\t\t\t<div class=\"elementor-widget-container\">\n\t\t\t\t\t\t\t<div class=\"elementor-spacer\">\n\t\t\t<div class=\"elementor-spacer-inner\"><\/div>\n\t\t<\/div>\n\t\t\t\t\t\t<\/div>\n\t\t\t\t<\/div>\n\t\t\t\t\t<\/div>\n\t\t\t\t<\/div>\n\t\t\t\t<\/div>\n\t\t","protected":false},"excerpt":{"rendered":"<p>Dialyse Ilmenau Dienstleistungen Leistungen Dialysebehandlungen H\u00e4modialyse und Peritonealdialyse mit modernster Technologie f\u00fcr optimale Versorgung. 24-Stunden-Bereitschaft Rund-um-die-Uhr Bereitschaftsdienst f\u00fcr Ihre Sicherheit und Betreuung. Qualifiziertes Fachpersonal Unser Team ist regelm\u00e4\u00dfig notfallmedizinisch geschult und hochkompetent. Nierentransplantation Professionelle Vorbereitung und Begleitung f\u00fcr Ihre Nierentransplantation. Verpflegung Speise- und Getr\u00e4nkeversorgung w\u00e4hrend der Dialyse f\u00fcr Ihr Wohl. Komfort Klimatisierte Patientenr\u00e4ume mit TV [&hellip;]<\/p>\n","protected":false},"author":2,"featured_media":0,"parent":16,"menu_order":0,"comment_status":"closed","ping_status":"closed","template":"elementor_header_footer","meta":{"footnotes":""},"class_list":["post-20","page","type-page","status-publish","hentry"],"_links":{"self":[{"href":"https:\/\/nierenzentrum-ilm-kreis.s1135308.keymachine.de\/index.php?rest_route=\/wp\/v2\/pages\/20","targetHints":{"allow":["GET"]}}],"collection":[{"href":"https:\/\/nierenzentrum-ilm-kreis.s1135308.keymachine.de\/index.php?rest_route=\/wp\/v2\/pages"}],"about":[{"href":"https:\/\/nierenzentrum-ilm-kreis.s1135308.keymachine.de\/index.php?rest_route=\/wp\/v2\/types\/page"}],"author":[{"embeddable":true,"href":"https:\/\/nierenzentrum-ilm-kreis.s1135308.keymachine.de\/index.php?rest_route=\/wp\/v2\/users\/2"}],"replies":[{"embeddable":true,"href":"https:\/\/nierenzentrum-ilm-kreis.s1135308.keymachine.de\/index.php?rest_route=%2Fwp%2Fv2%2Fcomments&post=20"}],"version-history":[{"count":25,"href":"https:\/\/nierenzentrum-ilm-kreis.s1135308.keymachine.de\/index.php?rest_route=\/wp\/v2\/pages\/20\/revisions"}],"predecessor-version":[{"id":363,"href":"https:\/\/nierenzentrum-ilm-kreis.s1135308.keymachine.de\/index.php?rest_route=\/wp\/v2\/pages\/20\/revisions\/363"}],"up":[{"embeddable":true,"href":"https:\/\/nierenzentrum-ilm-kreis.s1135308.keymachine.de\/index.php?rest_route=\/wp\/v2\/pages\/16"}],"wp:attachment":[{"href":"https:\/\/nierenzentrum-ilm-kreis.s1135308.keymachine.de\/index.php?rest_route=%2Fwp%2Fv2%2Fmedia&parent=20"}],"curies":[{"name":"wp","href":"https:\/\/api.w.org\/{rel}","templated":true}]}}