{"id":143,"date":"2025-06-11T11:18:14","date_gmt":"2025-06-11T09:18:14","guid":{"rendered":"https:\/\/nierenzentrum-ilm-kreis.s1135308.keymachine.de\/?page_id=143"},"modified":"2025-06-11T11:39:23","modified_gmt":"2025-06-11T09:39:23","slug":"impressum","status":"publish","type":"page","link":"https:\/\/nierenzentrum-ilm-kreis.s1135308.keymachine.de\/?page_id=143","title":{"rendered":"Impressum"},"content":{"rendered":"\t\t<div data-elementor-type=\"wp-page\" data-elementor-id=\"143\" class=\"elementor elementor-143\" data-elementor-post-type=\"page\">\n\t\t\t\t<div class=\"elementor-element elementor-element-ec9f432 e-flex e-con-boxed e-con e-parent\" data-id=\"ec9f432\" data-element_type=\"container\">\n\t\t\t\t\t<div class=\"e-con-inner\">\n\t\t\t\t<div class=\"elementor-element elementor-element-0e2c5a4 elementor-widget elementor-widget-heading\" data-id=\"0e2c5a4\" data-element_type=\"widget\" data-widget_type=\"heading.default\">\n\t\t\t\t<div class=\"elementor-widget-container\">\n\t\t\t\t\t<h2 class=\"elementor-heading-title elementor-size-default\">Impressum<\/h2>\t\t\t\t<\/div>\n\t\t\t\t<\/div>\n\t\t\t\t<div class=\"elementor-element elementor-element-91e7172 elementor-widget elementor-widget-text-editor\" data-id=\"91e7172\" data-element_type=\"widget\" data-widget_type=\"text-editor.default\">\n\t\t\t\t<div class=\"elementor-widget-container\">\n\t\t\t\t\t\t\t\t\t<table data-tablestyle=\"MsoNormalTable\" data-tablelook=\"1184\" aria-rowcount=\"1\"><tbody><tr aria-rowindex=\"1\"><td data-celllook=\"0\"><p><span data-ccp-props=\"{&quot;201341983&quot;:0,&quot;335559739&quot;:0,&quot;335559740&quot;:240}\">\u00a0<\/span><\/p><\/td><td data-celllook=\"0\"><p><b><span data-contrast=\"auto\">Angaben gem\u00e4\u00df \u00a7 5 TMG<\/span><\/b>\u00a0<br \/><span data-contrast=\"auto\">Dr. med. Heiko AngerDr. med. Kristina Ulbricht<\/span>\u00a0<br \/><span data-contrast=\"auto\">B\u00e4rwinkelstra\u00dfe 33<\/span>\u00a0<br \/><span data-contrast=\"auto\">99310 Arnstadt <\/span>\u00a0<\/p><p><b><span data-contrast=\"auto\">Kontakt <\/span><\/b>\u00a0<\/p><p><span data-contrast=\"auto\">Telefon: +49 (0) 3628 66 27 510 Fax: +49 (0) 03628 66 27 518<\/span>\u00a0<br \/><span data-contrast=\"auto\">E-Mail: info@nz-ik.de <\/span>\u00a0<\/p><p><b><span data-contrast=\"auto\">Zust\u00e4ndige Landes\u00e4rztekammer <\/span><\/b>\u00a0<\/p><p><span data-contrast=\"auto\">Landes\u00e4rztekammer Th\u00fcringen Im Semmicht 33<\/span>\u00a0<br \/><span data-contrast=\"auto\">07751 Jena-Maua <\/span>\u00a0<br \/><span data-contrast=\"auto\">Telefon: +49 (0) 3643 614-0 Fax: +49 (0) 3641 614169 <\/span>\u00a0<br \/><span data-contrast=\"auto\">Internet:\u202f<\/span><a href=\"http:\/\/www.laek-thueringen.de\/\"><span data-contrast=\"none\">https:\/\/www.laek-thueringen.de<\/span><\/a> \u00a0<\/p><p><b><span data-contrast=\"auto\">Zust\u00e4ndige Aufsichtsbeh\u00f6rde <\/span><\/b>\u00a0<\/p><p><span data-contrast=\"auto\">Kassen\u00e4rztliche Vereinigung Th\u00fcringen Zum Hospitalgraben 8<\/span>\u00a0<br \/><span data-contrast=\"auto\">99425 Weimar <\/span>\u00a0<br \/><span data-contrast=\"auto\">Telefon: +49 (0) 3643 5590 Fax: +49 (0) 3643 559191 <\/span>\u00a0<br \/><span data-contrast=\"auto\">Internet: <\/span><a href=\"https:\/\/www.kv-thueringen.de\/\"><span data-contrast=\"none\">https:\/\/www.kv-thueringen.de\/<\/span><\/a>\u00a0<\/p><p><b><span data-contrast=\"auto\">Berufsbezeichnung und berufsrechtliche Regelungen <\/span><\/b>\u00a0<\/p><p><span data-contrast=\"auto\">Berufsbezeichnung: Fach\u00e4rzte f\u00fcr Innere Medizin, Nephrologie und Hypertensiologie Verliehen durch: Bundesrepublik Deutschland<\/span>\u00a0<br \/><span data-contrast=\"auto\">Zust\u00e4ndige Kammer: Landes\u00e4rztekammer Th\u00fcringen<\/span>\u00a0<br \/><span data-contrast=\"auto\">Es gelten folgende berufsrechtliche Regelungen: Berufsordnung der L\u00c4K<\/span>\u00a0<br \/><span data-contrast=\"auto\">Regelungen einsehbar unter:\u202f<\/span><a href=\"http:\/\/www.laek-thueringen.de\/\"><span data-contrast=\"none\">https:\/\/www.laek-thueringen.de<\/span><\/a> \u00a0<\/p><p><b><span data-contrast=\"auto\">Verantwortlich f\u00fcr den Inhalt nach \u00a7 55 Abs. 2 RStV <\/span><\/b>\u00a0<\/p><p><span data-contrast=\"auto\">Dr. med. Heiko AngerDr. med. Kristina Ulbricht<\/span>\u00a0<br \/><span data-contrast=\"auto\">B\u00e4rwinkelstra\u00dfe 33<\/span>\u00a0<br \/><span data-contrast=\"auto\">99310 Arnstadt<\/span>\u00a0<\/p><p><b><span data-contrast=\"auto\">Hinweis zum E-Mail-Verkehr <\/span><\/b>\u00a0<\/p><p><span data-contrast=\"auto\">Gem\u00e4\u00df der \u00e4rztlichen Berufsordnung ist es uns untersagt, Patienten, die uns nicht pers\u00f6nlich bekannt sind, zu beraten. Aus diesem Grund erfolgt keine medizinische Beratung per E-Mail. Bitte vereinbaren Sie einen pers\u00f6nlichen Termin, wenn Sie Probleme oder Fragen zu Ihrer Gesundheit haben. <\/span>\u00a0<\/p><p><b><span data-contrast=\"auto\">Haftungshinweis <\/span><\/b>\u00a0<\/p><p><span data-contrast=\"auto\">Haftung f\u00fcr Inhalte Als Diensteanbieter sind wir gem\u00e4\u00df \u00a7 7 Abs.1 TMG f\u00fcr eigene Inhalte auf diesen Seiten nach den allgemeinen Gesetzen verantwortlich. Nach \u00a7\u00a7 8 bis 10 TMG sind wir als Diensteanbieter jedoch nicht verpflichtet, \u00fcbermittelte oder gespeicherte fremde Informationen zu \u00fcberwachen oder nach Umst\u00e4nden zu forschen, die auf eine rechtswidrige T\u00e4tigkeit hinweisen. Verpflichtungen zur Entfernung oder Sperrung der Nutzung von Informationen nach den allgemeinen Gesetzen bleiben hiervon unber\u00fchrt. Eine diesbez\u00fcgliche Haftung ist jedoch erst ab dem Zeitpunkt der Kenntnis einer konkreten Rechtsverletzung m\u00f6glich. Bei Bekanntwerden von entsprechenden Rechtsverletzungen werden wir diese Inhalte umgehend entfernen. <\/span>\u00a0<br \/><i><span data-contrast=\"auto\">Haftung f\u00fcr Links <\/span><\/i>\u00a0<br \/><span data-contrast=\"auto\">Unser Angebot enth\u00e4lt Links zu externen Websites Dritter, auf deren Inhalte wir keinen Einfluss haben. Deshalb k\u00f6nnen wir f\u00fcr diese fremden Inhalte auch keine Gew\u00e4hr \u00fcbernehmen. F\u00fcr die Inhalte der verlinkten Seiten ist stets der jeweilige Anbieter oder Betreiber der Seiten verantwortlich. Die verlinkten Seiten wurden zum Zeitpunkt der Verlinkung auf m\u00f6gliche Rechtsverst\u00f6\u00dfe \u00fcberpr\u00fcft. Rechtswidrige Inhalte waren zum Zeitpunkt der Verlinkung nicht erkennbar. Eine permanente inhaltliche Kontrolle der verlinkten Seiten ist jedoch ohne konkrete Anhaltspunkte einer Rechtsverletzung nicht zumutbar. Bei Bekanntwerden von Rechtsverletzungen werden wir derartige Links umgehend entfernen. <\/span>\u00a0<\/p><p><b><span data-contrast=\"auto\">Urheberrecht <\/span><\/b>\u00a0<\/p><p><span data-contrast=\"auto\">Die durch die Seitenbetreiber erstellten Inhalte und Werke auf diesen Seiten unterliegen dem deutschen Urheberrecht. Die Vervielf\u00e4ltigung, Bearbeitung, Verbreitung und jede Art der Verwertung au\u00dferhalb der Grenzen des Urheberrechtes bed\u00fcrfen der schriftlichen Zustimmung des jeweiligen Autors bzw. Erstellers. Downloads und Kopien dieser Seite sind nur f\u00fcr den privaten, nicht kommerziellen Gebrauch gestattet. Soweit die Inhalte auf dieser Seite nicht vom Betreiber erstellt wurden, werden die Urheberrechte Dritter beachtet. Insbesondere werden Inhalte Dritter als solche gekennzeichnet. Sollten Sie trotzdem auf eine Urheberrechtsverletzung aufmerksam werden, bitten wir um einen entsprechenden Hinweis. Bei Bekanntwerden von Rechtsverletzungen werden wir derartige Inhalte umgehend entfernen. <\/span>\u00a0<\/p><p><span data-contrast=\"auto\">Quelle: <\/span><a href=\"https:\/\/www.e-recht24.de\/\"><span data-contrast=\"none\">eRecht24<\/span><\/a><span data-ccp-props=\"{&quot;134233117&quot;:true,&quot;134233118&quot;:true,&quot;201341983&quot;:0,&quot;335559739&quot;:200,&quot;335559740&quot;:240}\">\u00a0<\/span><\/p><\/td><\/tr><\/tbody><\/table><p>\u00a0<\/p>\t\t\t\t\t\t\t\t<\/div>\n\t\t\t\t<\/div>\n\t\t\t\t\t<\/div>\n\t\t\t\t<\/div>\n\t\t\t\t<\/div>\n\t\t","protected":false},"excerpt":{"rendered":"<p>Impressum \u00a0 Angaben gem\u00e4\u00df \u00a7 5 TMG\u00a0Dr. med. Heiko AngerDr. med. Kristina Ulbricht\u00a0B\u00e4rwinkelstra\u00dfe 33\u00a099310 Arnstadt \u00a0 Kontakt \u00a0 Telefon: +49 (0) 3628 66 27 510 Fax: +49 (0) 03628 66 27 518\u00a0E-Mail: info@nz-ik.de \u00a0 Zust\u00e4ndige Landes\u00e4rztekammer \u00a0 Landes\u00e4rztekammer Th\u00fcringen Im Semmicht 33\u00a007751 Jena-Maua \u00a0Telefon: +49 (0) 3643 614-0 Fax: +49 (0) 3641 614169 \u00a0Internet:\u202fhttps:\/\/www.laek-thueringen.de \u00a0 [&hellip;]<\/p>\n","protected":false},"author":2,"featured_media":0,"parent":0,"menu_order":0,"comment_status":"closed","ping_status":"closed","template":"elementor_header_footer","meta":{"footnotes":""},"class_list":["post-143","page","type-page","status-publish","hentry"],"_links":{"self":[{"href":"https:\/\/nierenzentrum-ilm-kreis.s1135308.keymachine.de\/index.php?rest_route=\/wp\/v2\/pages\/143","targetHints":{"allow":["GET"]}}],"collection":[{"href":"https:\/\/nierenzentrum-ilm-kreis.s1135308.keymachine.de\/index.php?rest_route=\/wp\/v2\/pages"}],"about":[{"href":"https:\/\/nierenzentrum-ilm-kreis.s1135308.keymachine.de\/index.php?rest_route=\/wp\/v2\/types\/page"}],"author":[{"embeddable":true,"href":"https:\/\/nierenzentrum-ilm-kreis.s1135308.keymachine.de\/index.php?rest_route=\/wp\/v2\/users\/2"}],"replies":[{"embeddable":true,"href":"https:\/\/nierenzentrum-ilm-kreis.s1135308.keymachine.de\/index.php?rest_route=%2Fwp%2Fv2%2Fcomments&post=143"}],"version-history":[{"count":7,"href":"https:\/\/nierenzentrum-ilm-kreis.s1135308.keymachine.de\/index.php?rest_route=\/wp\/v2\/pages\/143\/revisions"}],"predecessor-version":[{"id":159,"href":"https:\/\/nierenzentrum-ilm-kreis.s1135308.keymachine.de\/index.php?rest_route=\/wp\/v2\/pages\/143\/revisions\/159"}],"wp:attachment":[{"href":"https:\/\/nierenzentrum-ilm-kreis.s1135308.keymachine.de\/index.php?rest_route=%2Fwp%2Fv2%2Fmedia&parent=143"}],"curies":[{"name":"wp","href":"https:\/\/api.w.org\/{rel}","templated":true}]}}