{"id":12,"date":"2025-06-10T13:21:32","date_gmt":"2025-06-10T11:21:32","guid":{"rendered":"https:\/\/nierenzentrum-ilm-kreis.s1135308.keymachine.de\/?page_id=12"},"modified":"2025-06-20T09:33:17","modified_gmt":"2025-06-20T07:33:17","slug":"aerzte","status":"publish","type":"page","link":"https:\/\/nierenzentrum-ilm-kreis.s1135308.keymachine.de\/?page_id=12","title":{"rendered":"\u00c4rzte"},"content":{"rendered":"\t\t<div data-elementor-type=\"wp-page\" data-elementor-id=\"12\" class=\"elementor elementor-12\" data-elementor-post-type=\"page\">\n\t\t\t\t<div class=\"elementor-element elementor-element-2dfec48 e-con-full e-flex e-con e-parent\" data-id=\"2dfec48\" data-element_type=\"container\">\n\t\t\t\t<div class=\"elementor-element elementor-element-63de55a elementor-widget elementor-widget-heading\" data-id=\"63de55a\" data-element_type=\"widget\" data-widget_type=\"heading.default\">\n\t\t\t\t<div class=\"elementor-widget-container\">\n\t\t\t\t\t<h2 class=\"elementor-heading-title elementor-size-default\">\u00c4rzte<\/h2>\t\t\t\t<\/div>\n\t\t\t\t<\/div>\n\t\t\t\t<div class=\"elementor-element elementor-element-8b459a6 elementor-widget-divider--view-line elementor-widget elementor-widget-divider\" data-id=\"8b459a6\" data-element_type=\"widget\" data-widget_type=\"divider.default\">\n\t\t\t\t<div class=\"elementor-widget-container\">\n\t\t\t\t\t\t\t<div class=\"elementor-divider\">\n\t\t\t<span class=\"elementor-divider-separator\">\n\t\t\t\t\t\t<\/span>\n\t\t<\/div>\n\t\t\t\t\t\t<\/div>\n\t\t\t\t<\/div>\n\t\t\t\t<\/div>\n\t\t<div class=\"elementor-element elementor-element-5008431 e-grid e-con-boxed e-con e-parent\" data-id=\"5008431\" data-element_type=\"container\" data-settings=\"{&quot;background_background&quot;:&quot;classic&quot;}\">\n\t\t\t\t\t<div class=\"e-con-inner\">\n\t\t\t\t<div class=\"elementor-element elementor-element-17a4e39 elementor-position-top elementor-widget elementor-widget-image-box\" data-id=\"17a4e39\" data-element_type=\"widget\" data-widget_type=\"image-box.default\">\n\t\t\t\t<div class=\"elementor-widget-container\">\n\t\t\t\t\t<div class=\"elementor-image-box-wrapper\"><figure class=\"elementor-image-box-img\"><img fetchpriority=\"high\" decoding=\"async\" width=\"437\" height=\"465\" src=\"https:\/\/nierenzentrum-ilm-kreis.s1135308.keymachine.de\/wp-content\/uploads\/2025\/06\/arzt-ulbricht.jpg\" class=\"attachment-full size-full wp-image-180\" alt=\"\" srcset=\"https:\/\/nierenzentrum-ilm-kreis.s1135308.keymachine.de\/wp-content\/uploads\/2025\/06\/arzt-ulbricht.jpg 437w, https:\/\/nierenzentrum-ilm-kreis.s1135308.keymachine.de\/wp-content\/uploads\/2025\/06\/arzt-ulbricht-282x300.jpg 282w\" sizes=\"(max-width: 437px) 100vw, 437px\" \/><\/figure><div class=\"elementor-image-box-content\"><h3 class=\"elementor-image-box-title\">Dr. med.<br> Kristina Ulbricht <\/h3><p class=\"elementor-image-box-description\">Fach\u00e4rztin f\u00fcr Innere Medizin\/Nephrologie <br>\n1973 geboren in Karl-Marx-Stadt (jetzt Chemnitz) <br>\nStudium der Humanmedizin an der Friedrich-Schiller-Universit\u00e4t in Jena \n2010 Facharzt f\u00fcr Innere Medizin \n2014 Subspezialisierung Nephrologie \n2014 Niederlassung als Fach\u00e4rztin f\u00fcr Innere Medizin\/ Nephrologie <\/p><\/div><\/div>\t\t\t\t<\/div>\n\t\t\t\t<\/div>\n\t\t\t\t<div class=\"elementor-element elementor-element-4beb2c8 elementor-position-top elementor-widget elementor-widget-image-box\" data-id=\"4beb2c8\" data-element_type=\"widget\" data-widget_type=\"image-box.default\">\n\t\t\t\t<div class=\"elementor-widget-container\">\n\t\t\t\t\t<div class=\"elementor-image-box-wrapper\"><figure class=\"elementor-image-box-img\"><img decoding=\"async\" width=\"500\" height=\"413\" src=\"https:\/\/nierenzentrum-ilm-kreis.s1135308.keymachine.de\/wp-content\/uploads\/2025\/06\/oehsen.jpg\" class=\"attachment-full size-full wp-image-184\" alt=\"\" srcset=\"https:\/\/nierenzentrum-ilm-kreis.s1135308.keymachine.de\/wp-content\/uploads\/2025\/06\/oehsen.jpg 500w, https:\/\/nierenzentrum-ilm-kreis.s1135308.keymachine.de\/wp-content\/uploads\/2025\/06\/oehsen-300x248.jpg 300w\" sizes=\"(max-width: 500px) 100vw, 500px\" \/><\/figure><div class=\"elementor-image-box-content\"><h3 class=\"elementor-image-box-title\">Dr. med.<br> Jan Martin von \u00d6hsen <\/h3><p class=\"elementor-image-box-description\">Facharzt f\u00fcr Innere Medizin\/ Nephrologie<br> \nStudium der Humanmedizin in G\u00f6ttingen <br>\n2002 Facharzt f\u00fcr Innere Medizin <br>\n2003 Subspezialisierung Nephrologie <br>\n2009 Subspezialisierung Kardiologie<br> \n2020 Anstellung als Facharzt f\u00fcr Innere Medizin\/ Nephrologie im Nierenzentrum Ilm-Kreis <\/p><\/div><\/div>\t\t\t\t<\/div>\n\t\t\t\t<\/div>\n\t\t\t\t<div class=\"elementor-element elementor-element-21d79e7 elementor-position-top elementor-widget elementor-widget-image-box\" data-id=\"21d79e7\" data-element_type=\"widget\" data-widget_type=\"image-box.default\">\n\t\t\t\t<div class=\"elementor-widget-container\">\n\t\t\t\t\t<div class=\"elementor-image-box-wrapper\"><figure class=\"elementor-image-box-img\"><img decoding=\"async\" width=\"756\" height=\"1024\" src=\"https:\/\/nierenzentrum-ilm-kreis.s1135308.keymachine.de\/wp-content\/uploads\/2025\/06\/kettner.jpg\" class=\"attachment-full size-full wp-image-206\" alt=\"\" srcset=\"https:\/\/nierenzentrum-ilm-kreis.s1135308.keymachine.de\/wp-content\/uploads\/2025\/06\/kettner.jpg 756w, https:\/\/nierenzentrum-ilm-kreis.s1135308.keymachine.de\/wp-content\/uploads\/2025\/06\/kettner-221x300.jpg 221w\" sizes=\"(max-width: 756px) 100vw, 756px\" \/><\/figure><div class=\"elementor-image-box-content\"><h3 class=\"elementor-image-box-title\">Dr. med. <br>Christiane Kettner <\/h3><p class=\"elementor-image-box-description\">Fach\u00e4rztin f\u00fcr Innere Medizin\/Nephrologie <br>\nStudium der Humanmedizin an der Friedrich-Schiller-Universit\u00e4t in Jena <br>\n2013 Facharzt f\u00fcr Innere Medizin <br>\n2018 Subspezialisierung Nephrologie <br>\n2021 Anstellung als Fach\u00e4rztin f\u00fcr Innere Medizin\/ Nephrologie im Nierenzentrum Ilm-Kreis <br>\nweitere Qualifikationen: Fachzertifikat Reisemedizin vom CRM (2006), Zusatzbezeichnung Notfallmedizin (2015) <\/p><\/div><\/div>\t\t\t\t<\/div>\n\t\t\t\t<\/div>\n\t\t\t\t<div class=\"elementor-element elementor-element-03f7760 elementor-position-top elementor-widget elementor-widget-image-box\" data-id=\"03f7760\" data-element_type=\"widget\" data-widget_type=\"image-box.default\">\n\t\t\t\t<div class=\"elementor-widget-container\">\n\t\t\t\t\t<div class=\"elementor-image-box-wrapper\"><figure class=\"elementor-image-box-img\"><img loading=\"lazy\" decoding=\"async\" width=\"1758\" height=\"2096\" src=\"https:\/\/nierenzentrum-ilm-kreis.s1135308.keymachine.de\/wp-content\/uploads\/2025\/06\/Anger.jpg\" class=\"attachment-full size-full wp-image-185\" alt=\"\" srcset=\"https:\/\/nierenzentrum-ilm-kreis.s1135308.keymachine.de\/wp-content\/uploads\/2025\/06\/Anger.jpg 1758w, https:\/\/nierenzentrum-ilm-kreis.s1135308.keymachine.de\/wp-content\/uploads\/2025\/06\/Anger-252x300.jpg 252w, https:\/\/nierenzentrum-ilm-kreis.s1135308.keymachine.de\/wp-content\/uploads\/2025\/06\/Anger-859x1024.jpg 859w, https:\/\/nierenzentrum-ilm-kreis.s1135308.keymachine.de\/wp-content\/uploads\/2025\/06\/Anger-768x916.jpg 768w, https:\/\/nierenzentrum-ilm-kreis.s1135308.keymachine.de\/wp-content\/uploads\/2025\/06\/Anger-1288x1536.jpg 1288w, https:\/\/nierenzentrum-ilm-kreis.s1135308.keymachine.de\/wp-content\/uploads\/2025\/06\/Anger-1718x2048.jpg 1718w\" sizes=\"(max-width: 1758px) 100vw, 1758px\" \/><\/figure><div class=\"elementor-image-box-content\"><h3 class=\"elementor-image-box-title\">Dr. med.<br> Heiko Anger <\/h3><p class=\"elementor-image-box-description\">1963 geboren in Halle\/Saale <br>\n1983 Studium der Humanmedizin an der Martin-Luther-Universit\u00e4t in Halle\/Saale mit anschlie\u00dfender Facharztausbildung  <br>\n1997 Niederlassung als Facharzt f\u00fcr Innere Medizin  <br>\n1997 Subspezialisierung Nephrologie  <br>\n2005 Erlangung der Bezeichnung  <br>Hypertensiologe DHL <\/p><\/div><\/div>\t\t\t\t<\/div>\n\t\t\t\t<\/div>\n\t\t\t\t\t<\/div>\n\t\t\t\t<\/div>\n\t\t<div class=\"elementor-element elementor-element-a9bd085 e-con-full e-flex e-con e-parent\" data-id=\"a9bd085\" data-element_type=\"container\">\n\t\t\t\t<div class=\"elementor-element elementor-element-6f786c3 elementor-widget-divider--view-line elementor-widget elementor-widget-divider\" data-id=\"6f786c3\" data-element_type=\"widget\" data-widget_type=\"divider.default\">\n\t\t\t\t<div class=\"elementor-widget-container\">\n\t\t\t\t\t\t\t<div class=\"elementor-divider\">\n\t\t\t<span class=\"elementor-divider-separator\">\n\t\t\t\t\t\t<\/span>\n\t\t<\/div>\n\t\t\t\t\t\t<\/div>\n\t\t\t\t<\/div>\n\t\t\t\t<div class=\"elementor-element elementor-element-d9a435b elementor-widget elementor-widget-spacer\" data-id=\"d9a435b\" data-element_type=\"widget\" data-widget_type=\"spacer.default\">\n\t\t\t\t<div class=\"elementor-widget-container\">\n\t\t\t\t\t\t\t<div class=\"elementor-spacer\">\n\t\t\t<div class=\"elementor-spacer-inner\"><\/div>\n\t\t<\/div>\n\t\t\t\t\t\t<\/div>\n\t\t\t\t<\/div>\n\t\t\t\t<\/div>\n\t\t\t\t<\/div>\n\t\t","protected":false},"excerpt":{"rendered":"<p>\u00c4rzte Dr. med. Kristina Ulbricht Fach\u00e4rztin f\u00fcr Innere Medizin\/Nephrologie 1973 geboren in Karl-Marx-Stadt (jetzt Chemnitz) Studium der Humanmedizin an der Friedrich-Schiller-Universit\u00e4t in Jena 2010 Facharzt f\u00fcr Innere Medizin 2014 Subspezialisierung Nephrologie 2014 Niederlassung als Fach\u00e4rztin f\u00fcr Innere Medizin\/ Nephrologie Dr. med. Jan Martin von \u00d6hsen Facharzt f\u00fcr Innere Medizin\/ Nephrologie Studium der Humanmedizin in G\u00f6ttingen [&hellip;]<\/p>\n","protected":false},"author":2,"featured_media":0,"parent":0,"menu_order":0,"comment_status":"closed","ping_status":"closed","template":"elementor_header_footer","meta":{"footnotes":""},"class_list":["post-12","page","type-page","status-publish","hentry"],"_links":{"self":[{"href":"https:\/\/nierenzentrum-ilm-kreis.s1135308.keymachine.de\/index.php?rest_route=\/wp\/v2\/pages\/12","targetHints":{"allow":["GET"]}}],"collection":[{"href":"https:\/\/nierenzentrum-ilm-kreis.s1135308.keymachine.de\/index.php?rest_route=\/wp\/v2\/pages"}],"about":[{"href":"https:\/\/nierenzentrum-ilm-kreis.s1135308.keymachine.de\/index.php?rest_route=\/wp\/v2\/types\/page"}],"author":[{"embeddable":true,"href":"https:\/\/nierenzentrum-ilm-kreis.s1135308.keymachine.de\/index.php?rest_route=\/wp\/v2\/users\/2"}],"replies":[{"embeddable":true,"href":"https:\/\/nierenzentrum-ilm-kreis.s1135308.keymachine.de\/index.php?rest_route=%2Fwp%2Fv2%2Fcomments&post=12"}],"version-history":[{"count":46,"href":"https:\/\/nierenzentrum-ilm-kreis.s1135308.keymachine.de\/index.php?rest_route=\/wp\/v2\/pages\/12\/revisions"}],"predecessor-version":[{"id":387,"href":"https:\/\/nierenzentrum-ilm-kreis.s1135308.keymachine.de\/index.php?rest_route=\/wp\/v2\/pages\/12\/revisions\/387"}],"wp:attachment":[{"href":"https:\/\/nierenzentrum-ilm-kreis.s1135308.keymachine.de\/index.php?rest_route=%2Fwp%2Fv2%2Fmedia&parent=12"}],"curies":[{"name":"wp","href":"https:\/\/api.w.org\/{rel}","templated":true}]}}